{"id":8,"date":"2024-04-08T12:23:41","date_gmt":"2024-04-08T12:23:41","guid":{"rendered":"http:\/\/31.217.193.160\/~logotjay\/?page_id=8"},"modified":"2025-08-14T09:11:36","modified_gmt":"2025-08-14T09:11:36","slug":"etusivu","status":"publish","type":"page","link":"http:\/\/31.217.193.160\/~logotjay\/","title":{"rendered":"Etusivu"},"content":{"rendered":"<div id=\"cs-content\" class=\"cs-content\"><div class=\"x-section e8-e1 m8-0 m8-1 m8-2\"><div class=\"x-bg\"><div class=\"x-bg-layer-lower-img\" data-x-element-bg-layer=\"{&quot;parallaxSize&quot;:&quot;130%&quot;,&quot;parallaxDir&quot;:&quot;v&quot;,&quot;parallaxRev&quot;:false}\"><img decoding=\"async\" src=\"http:\/\/31.217.193.160\/~logotjay\/wp-content\/uploads\/2025\/08\/modern-digital-technologies-two-designers-working-2025-03-18-19-37-01-utc.jpg\" alt=\"Image\"\/><\/div><div class=\"x-bg-layer-upper-color\" aria-hidden=\"true\"><\/div><\/div><div class=\"x-row x-container max width e8-e2 m8-d m8-e m8-f m8-g m8-h m8-i m8-j m8-t m8-9 x-effect-exit\" data-x-effect=\"{&quot;scroll&quot;:true,&quot;offsetTop&quot;:&quot;10%&quot;,&quot;offsetBottom&quot;:&quot;10%&quot;,&quot;behaviorScroll&quot;:&quot;fire-once&quot;}\"><div class=\"x-row-inner\"><div class=\"x-col e8-e3 m8-12 m8-13\"><div class=\"x-text x-text-headline e8-e4 m8-1b m8-1c m8-1d ylaotsikko\"><div class=\"x-text-content\"><div class=\"x-text-content-text\"><h1 class=\"x-text-content-text-primary\"><span style=\"color: var(--primary);\">Logot &amp; Yritysilmeet<\/span> &ndash; Visuaalinen viesti, joka j&auml;&auml; mieleen &ndash; ilme, joka myy<\/h1>\n<\/div><\/div><\/div><div class=\"x-text x-content e8-e5 m8-1i m8-1j m8-1k m8-1l m8-1m\"><p>Rakennamme br&auml;ndisi persoonallisen ilmeen &ndash; logon, yritysilmeen ja materiaalin, jotka erottavat sinut kilpailijoista.<\/p><\/div><div class=\"x-row e8-e6 m8-d m8-g m8-h m8-i m8-j m8-k m8-l m8-u m8-v\"><div class=\"x-row-inner\"><div class=\"x-col e8-e7 m8-12 m8-13 m8-14\"><a class=\"x-anchor x-anchor-button e8-e8 m8-1s m8-1t m8-1u m8-1v m8-1w nappi\" tabindex=\"0\" href=\"#yhteys\"><div class=\"x-anchor-content\"><div class=\"x-anchor-text\"><span class=\"x-anchor-text-primary\">Ota yhteytt\u00e4<\/span><\/div><\/div><\/a><\/div><div class=\"x-col e8-e9 m8-12 m8-13 m8-14\"><a class=\"x-anchor x-anchor-button e8-e10 m8-1s m8-1t m8-1u m8-1w m8-1x nappi\" tabindex=\"0\" href=\"#alku\"><div class=\"x-anchor-content\"><div class=\"x-anchor-text\"><span class=\"x-anchor-text-primary\">Lue lis\u00e4\u00e4<\/span><\/div><\/div><\/a><\/div><\/div><\/div><\/div><\/div><\/div><\/div><div class=\"x-div e8-e11 m8-24 m8-25 m8-26\"><svg width=\"100%\" height=\"100\" viewBox=\"0 0 1440 108\" preserveAspectRatio=\"none\" xmlns=\"http:\/\/www.w3.org\/2000\/svg\">\n  <path transform=\"scale(1.36,1)\" d=\"M1060,108H0V0c12.59,7.04,33.06,18.01,59,29.7,63.74,28.73,239.62,97.07,686.44,32.77,77.84-11.2,186.1-31.13,314.56-62.47v108Z\" fill=\"white\"\/>\n<\/svg>\n<\/div><div class=\"x-section e8-e13 m8-1 m8-3 m8-4 m8-5 m8-6 hexa\" id=\"alku\"><div class=\"x-bg\"><div class=\"x-bg-layer-lower-img\" data-x-element-bg-layer=\"{&quot;parallaxSize&quot;:&quot;150%&quot;,&quot;parallaxDir&quot;:&quot;v&quot;,&quot;parallaxRev&quot;:false}\"><img decoding=\"async\" src=\"http:\/\/31.217.193.160\/~logotjay\/wp-content\/uploads\/2025\/08\/retoucher-working-at-office-room-using-laptop-comp-2024-11-26-04-10-25-utc.jpg\" alt=\"Image\"\/><\/div><div class=\"x-bg-layer-upper-color\" aria-hidden=\"true\"><\/div><\/div><div class=\"x-row x-container max width e8-e14 m8-d m8-g m8-m m8-n m8-o m8-w m8-x m8-9 x-effect-exit\" data-x-effect=\"{&quot;scroll&quot;:true,&quot;offsetTop&quot;:&quot;10%&quot;,&quot;offsetBottom&quot;:&quot;10%&quot;,&quot;behaviorScroll&quot;:&quot;fire-once&quot;}\"><div class=\"x-row-inner\"><div class=\"x-col e8-e15 m8-12 m8-13\"><div class=\"x-text x-text-headline e8-e16 m8-1b m8-1e m8-1f alaotsikko\"><div class=\"x-text-content\"><div class=\"x-text-content-text\"><h1 class=\"x-text-content-text-primary\">Her&auml;t&auml; huomio ja j&auml;&auml; mieleen<\/h1>\n<\/div><\/div><\/div><div class=\"x-text x-content e8-e17 m8-1i m8-1j m8-1n m8-1o m8-1p leipa\"><p>Yrityksesi visuaalinen ilme on ensimm&auml;inen asia, jonka asiakkaasi n&auml;kev&auml;t ja se vaikuttaa v&auml;litt&ouml;m&auml;sti mielikuvaan sinusta. Laadukas logo, huolella mietitty v&auml;rimaailma ja yhten&auml;inen yritysilme her&auml;tt&auml;v&auml;t luottamusta ja erottavat sinut kilpailijoista.<\/p>\n<p>Me suunnittelemme ilmeen, joka on tunnistettava, tyylik&auml;s ja t&auml;ysin sinun n&auml;k&ouml;isesi.<\/p><\/div><a class=\"x-anchor x-anchor-button e8-e18 m8-1t m8-1u m8-1v m8-1w m8-1y m8-1z nappi\" tabindex=\"0\" href=\"https:\/\/www.kartano.fi\/palvelut\/graafinen-suunnittelu\/\" target=\"_blank\" rel=\"noopener noreferrer\"><div class=\"x-anchor-content\"><div class=\"x-anchor-text\"><span class=\"x-anchor-text-primary\">Tutustu t\u00f6ihimme ja asiakkaisiimme<\/span><\/div><\/div><\/a><\/div><div class=\"x-col e8-e19 m8-12 m8-13 m8-15 m8-16 m8-a m8-b\"><div class=\"x-bg\"><div class=\"x-bg-layer-lower-img\" data-x-element-bg-layer=\"{&quot;parallaxSize&quot;:&quot;130%&quot;,&quot;parallaxDir&quot;:&quot;v&quot;,&quot;parallaxRev&quot;:false}\"><img decoding=\"async\" src=\"http:\/\/31.217.193.160\/~logotjay\/wp-content\/uploads\/2025\/08\/retoucher-working-at-office-room-using-laptop-comp-2024-11-26-04-10-25-utc-1024x796.jpg\" srcset=\"http:\/\/31.217.193.160\/~logotjay\/wp-content\/uploads\/2025\/08\/retoucher-working-at-office-room-using-laptop-comp-2024-11-26-04-10-25-utc-1024x796.jpg 1024w, http:\/\/31.217.193.160\/~logotjay\/wp-content\/uploads\/2025\/08\/retoucher-working-at-office-room-using-laptop-comp-2024-11-26-04-10-25-utc-300x233.jpg 300w, http:\/\/31.217.193.160\/~logotjay\/wp-content\/uploads\/2025\/08\/retoucher-working-at-office-room-using-laptop-comp-2024-11-26-04-10-25-utc-768x597.jpg 768w, http:\/\/31.217.193.160\/~logotjay\/wp-content\/uploads\/2025\/08\/retoucher-working-at-office-room-using-laptop-comp-2024-11-26-04-10-25-utc-1536x1194.jpg 1536w, http:\/\/31.217.193.160\/~logotjay\/wp-content\/uploads\/2025\/08\/retoucher-working-at-office-room-using-laptop-comp-2024-11-26-04-10-25-utc-2048x1592.jpg 2048w, http:\/\/31.217.193.160\/~logotjay\/wp-content\/uploads\/2025\/08\/retoucher-working-at-office-room-using-laptop-comp-2024-11-26-04-10-25-utc-100x78.jpg 100w, http:\/\/31.217.193.160\/~logotjay\/wp-content\/uploads\/2025\/08\/retoucher-working-at-office-room-using-laptop-comp-2024-11-26-04-10-25-utc-1284x998.jpg 1284w\" sizes=\"(max-width: 1024px) 100vw, 1024px\" alt=\"Image\"\/><\/div><\/div><\/div><\/div><\/div><div class=\"x-row x-container max width e8-e20 m8-d m8-f m8-n m8-o m8-p m8-w m8-y m8-9 x-effect-exit\" data-x-effect=\"{&quot;scroll&quot;:true,&quot;offsetTop&quot;:&quot;10%&quot;,&quot;offsetBottom&quot;:&quot;10%&quot;,&quot;behaviorScroll&quot;:&quot;fire-once&quot;}\"><div class=\"x-row-inner\"><div class=\"x-col e8-e21 m8-12 m8-13\"><div class=\"x-text x-text-headline e8-e22 m8-1b m8-1e m8-1f alaotsikko\"><div class=\"x-text-content\"><div class=\"x-text-content-text\"><h2 class=\"x-text-content-text-primary\">Yhten&auml;isyys tuo ammattimaisuuden<\/h2>\n<\/div><\/div><\/div><div class=\"x-text x-content e8-e23 m8-1i m8-1j m8-1n m8-1o m8-1p leipa\"><p>Kun visuaalinen ilme on linjassa, se tekee vaikutuksen joka kerta. Meilt&auml; saat suunnittelun niin painotuotteisiin kuin digiin: k&auml;yntikortit, esitteet, mainokset, somekuvat, bannerit ja kampanjakuvat.<\/p>\n<p>N&auml;in varmistamme, ett&auml; asiakkaasi tunnistavat sinut heti &ndash; miss&auml; ikin&auml; he br&auml;ndisi kohtaavatkin.<\/p><\/div><a class=\"x-anchor x-anchor-button e8-e24 m8-1t m8-1u m8-1v m8-1w m8-1y nappi\" tabindex=\"0\" href=\"#yhteys\"><div class=\"x-anchor-content\"><div class=\"x-anchor-text\"><span class=\"x-anchor-text-primary\">Pyyd\u00e4 tarjous<\/span><\/div><\/div><\/a><\/div><div class=\"x-col e8-e25 m8-12 m8-13 m8-15 m8-17 m8-a m8-b\"><div class=\"x-bg\"><div class=\"x-bg-layer-lower-img\" data-x-element-bg-layer=\"{&quot;parallaxSize&quot;:&quot;130%&quot;,&quot;parallaxDir&quot;:&quot;v&quot;,&quot;parallaxRev&quot;:false}\"><img decoding=\"async\" src=\"http:\/\/31.217.193.160\/~logotjay\/wp-content\/uploads\/2025\/08\/female-photo-editor-working-in-creative-office-2025-04-03-03-50-58-utc2.jpg\" srcset=\"http:\/\/31.217.193.160\/~logotjay\/wp-content\/uploads\/2025\/08\/female-photo-editor-working-in-creative-office-2025-04-03-03-50-58-utc2.jpg 900w, http:\/\/31.217.193.160\/~logotjay\/wp-content\/uploads\/2025\/08\/female-photo-editor-working-in-creative-office-2025-04-03-03-50-58-utc2-300x251.jpg 300w, http:\/\/31.217.193.160\/~logotjay\/wp-content\/uploads\/2025\/08\/female-photo-editor-working-in-creative-office-2025-04-03-03-50-58-utc2-768x643.jpg 768w, http:\/\/31.217.193.160\/~logotjay\/wp-content\/uploads\/2025\/08\/female-photo-editor-working-in-creative-office-2025-04-03-03-50-58-utc2-100x84.jpg 100w\" sizes=\"(max-width: 900px) 100vw, 900px\" alt=\"Image\"\/><\/div><\/div><\/div><\/div><\/div><\/div><div class=\"x-section e8-e26 m8-1 m8-2 m8-3 m8-5 m8-7\"><div class=\"x-bg\"><div class=\"x-bg-layer-lower-img\" data-x-element-bg-layer=\"{&quot;parallaxSize&quot;:&quot;150%&quot;,&quot;parallaxDir&quot;:&quot;v&quot;,&quot;parallaxRev&quot;:false}\"><img decoding=\"async\" src=\"http:\/\/31.217.193.160\/~logotjay\/wp-content\/uploads\/2025\/08\/printer-printing-colorful-photos-of-people-close-u-2025-02-24-19-25-02-utc.jpg\" alt=\"Image\"\/><\/div><div class=\"x-bg-layer-upper-color\" aria-hidden=\"true\"><\/div><\/div><div class=\"x-row x-container max width e8-e27 m8-d m8-g m8-h m8-i m8-l m8-m m8-q m8-r m8-u m8-z\"><div class=\"x-row-inner\"><div class=\"x-col e8-e28 m8-12 m8-14 m8-18 m8-19 m8-9 x-effect-exit\" data-x-effect=\"{&quot;scroll&quot;:true,&quot;offsetTop&quot;:&quot;10%&quot;,&quot;offsetBottom&quot;:&quot;10%&quot;,&quot;behaviorScroll&quot;:&quot;fire-once&quot;}\"><i class=\"x-icon e8-e29 m8-2b\" aria-hidden=\"true\" data-x-icon-s=\"&#xe214;\"><\/i><div class=\"x-div e8-e30 m8-25 m8-27 m8-28 m8-29\"><div class=\"x-text x-text-headline e8-e31 m8-1b m8-1e m8-1f m8-1g alaotsikko\"><div class=\"x-text-content\"><div class=\"x-text-content-text\"><h3 class=\"x-text-content-text-primary\"><h2 class=\"x-text-content-text-primary\">Yritysilmeet<\/h2><\/h3>\n<\/div><\/div><\/div><div class=\"x-text x-content e8-e32 m8-1i m8-1j m8-1n m8-1o m8-1p leipa-kortti\"><p>Yritysilme on ensimm&auml;inen asia, jonka asiakkaasi n&auml;kev&auml;t ja se kertoo sinusta enemm&auml;n kuin tuhat sanaa. Hyvin suunniteltu visuaalinen ilme luo luottamusta, erottaa sinut kilpailijoista ja tekee br&auml;ndist&auml;si tunnistettavan. Yritysilmeen suunnittelussa yhdist&auml;mme strategian, estetiikan ja tarinankerronnan, jotta lopputulos puhuttelee oikeaa kohderyhm&auml;&auml; ja tukee myynti&auml;si jokaisessa kohtaamisessa.<\/p><\/div><\/div><div class=\"x-div e8-e33 m8-24 m8-25 m8-27 m8-28\"><a class=\"x-anchor x-anchor-button e8-e34 m8-1t m8-1u m8-1y m8-20 nappi\" tabindex=\"0\" href=\"https:\/\/www.kartano.fi\/palvelut\/graafinen-suunnittelu\/\" target=\"_blank\" rel=\"noopener noreferrer\"><div class=\"x-anchor-content\"><div class=\"x-anchor-text\"><span class=\"x-anchor-text-primary\">Lue lis\u00e4\u00e4<\/span><\/div><\/div><\/a><\/div><\/div><div class=\"x-col e8-e35 m8-12 m8-14 m8-18 m8-19 m8-9 x-effect-exit\" data-x-effect=\"{&quot;scroll&quot;:true,&quot;offsetTop&quot;:&quot;10%&quot;,&quot;offsetBottom&quot;:&quot;10%&quot;,&quot;behaviorScroll&quot;:&quot;fire-once&quot;}\"><i class=\"x-icon e8-e36 m8-2b\" aria-hidden=\"true\" data-x-icon-s=\"&#xf336;\"><\/i><div class=\"x-div e8-e37 m8-25 m8-27 m8-29 m8-2a\"><div class=\"x-text x-text-headline e8-e38 m8-1b m8-1e m8-1f m8-1g alaotsikko\"><div class=\"x-text-content\"><div class=\"x-text-content-text\"><h3 class=\"x-text-content-text-primary\">Logot<\/h3>\n<\/div><\/div><\/div><div class=\"x-text x-content e8-e39 m8-1i m8-1j m8-1n m8-1o m8-1p leipa-kortti\"><p>Logo on yrityksesi tunnusmerkki. Se tiivist&auml;&auml; br&auml;ndisi persoonan ja arvot yhteen selke&auml;&auml;n visuaaliseen symboliin. Hyvin suunniteltu logo j&auml;&auml; mieleen, toimii eri kanavissa ja kest&auml;&auml; aikaa. Logon suunnittelussa yhdist&auml;mme luovan muotokielen, v&auml;rien voiman ja selke&auml;n typografian, jotta se her&auml;tt&auml;&auml; kiinnostuksen ja luo v&auml;litt&ouml;m&auml;sti oikean mielikuvan yrityksest&auml;si.<\/p><\/div><\/div><div class=\"x-div e8-e40 m8-24 m8-25 m8-27 m8-28\"><a class=\"x-anchor x-anchor-button e8-e41 m8-1t m8-1u m8-1y m8-20 nappi\" tabindex=\"0\" href=\"https:\/\/www.kartano.fi\/palvelut\/graafinen-suunnittelu\/\" target=\"_blank\" rel=\"noopener noreferrer\"><div class=\"x-anchor-content\"><div class=\"x-anchor-text\"><span class=\"x-anchor-text-primary\">Lue lis\u00e4\u00e4<\/span><\/div><\/div><\/a><\/div><\/div><div class=\"x-col e8-e42 m8-12 m8-14 m8-18 m8-19 m8-9 x-effect-exit\" data-x-effect=\"{&quot;scroll&quot;:true,&quot;offsetTop&quot;:&quot;10%&quot;,&quot;offsetBottom&quot;:&quot;10%&quot;,&quot;behaviorScroll&quot;:&quot;fire-once&quot;}\"><i class=\"x-icon e8-e43 m8-2b\" aria-hidden=\"true\" data-x-icon-s=\"&#xf249;\"><\/i><div class=\"x-div e8-e44 m8-25 m8-27 m8-29 m8-2a\"><div class=\"x-text x-text-headline e8-e45 m8-1b m8-1e m8-1f m8-1g alaotsikko\"><div class=\"x-text-content\"><div class=\"x-text-content-text\"><h3 class=\"x-text-content-text-primary\">Printti<\/h3>\n<\/div><\/div><\/div><div class=\"x-text x-content e8-e46 m8-1i m8-1j m8-1n m8-1o m8-1p leipa-kortti\"><p>Printti on konkreettinen kosketuspinta asiakkaaseesi: k&auml;yntikortti, esite tai mainos, joka j&auml;&auml; k&auml;teen ja mieleen. Laadukas painotuote viestii ammattimaisuutta, erottuu massasta ja tukee yrityksesi br&auml;ndi&auml; jokaisessa yksityiskohdassa. Printtimateriaalien suunnittelussa yhdist&auml;mme visuaalisen houkuttelevuuden ja selke&auml;n viestin, jotta jokainen sivu, v&auml;ri ja elementti palvelee myynti&auml;si ja j&auml;&auml; asiakkaan mieleen.<\/p><\/div><\/div><div class=\"x-div e8-e47 m8-24 m8-25 m8-27 m8-28\"><a class=\"x-anchor x-anchor-button e8-e48 m8-1t m8-1u m8-1y m8-20 nappi\" tabindex=\"0\" href=\"https:\/\/www.kartano.fi\/palvelut\/graafinen-suunnittelu\/\" target=\"_blank\" rel=\"noopener noreferrer\"><div class=\"x-anchor-content\"><div class=\"x-anchor-text\"><span class=\"x-anchor-text-primary\">Lue lis\u00e4\u00e4<\/span><\/div><\/div><\/a><\/div><\/div><div class=\"x-col e8-e49 m8-12 m8-14 m8-18 m8-19 m8-9 x-effect-exit\" data-x-effect=\"{&quot;scroll&quot;:true,&quot;offsetTop&quot;:&quot;10%&quot;,&quot;offsetBottom&quot;:&quot;10%&quot;,&quot;behaviorScroll&quot;:&quot;fire-once&quot;}\"><i class=\"x-icon e8-e50 m8-2b\" aria-hidden=\"true\" data-x-icon-s=\"&#xe163;\"><\/i><div class=\"x-div e8-e51 m8-25 m8-27 m8-29 m8-2a\"><div class=\"x-text x-text-headline e8-e52 m8-1b m8-1e m8-1f m8-1g alaotsikko\"><div class=\"x-text-content\"><div class=\"x-text-content-text\"><h3 class=\"x-text-content-text-primary\">Kotisivut<\/h3>\n<\/div><\/div><\/div><div class=\"x-text x-content e8-e53 m8-1i m8-1j m8-1n m8-1o m8-1p leipa-kortti\"><p>Kotisivut ovat yrityksesi digitaalinen k&auml;yntikortti ja usein ensimm&auml;inen paikka, josta asiakkaat etsiv&auml;t tietoa. Hyvin suunnitellut verkkosivut houkuttelevat k&auml;vij&auml;n puoleensa, v&auml;litt&auml;v&auml;t br&auml;ndisi tarinan ja ohjaavat kohti yhteydenottoa tai ostoa. Kotisivujen suunnittelussa yhdist&auml;mme selke&auml;n rakenteen, visuaalisen ilmeen ja toiminnallisuuden, jotta ne eiv&auml;t vain n&auml;yt&auml; hyv&auml;lt&auml; vaan my&ouml;s tekev&auml;t tulosta.<\/p><\/div><\/div><div class=\"x-div e8-e54 m8-24 m8-25 m8-27 m8-28\"><a class=\"x-anchor x-anchor-button e8-e55 m8-1t m8-1u m8-1y m8-20 nappi\" tabindex=\"0\" href=\"https:\/\/www.kartano.fi\/palvelut\/graafinen-suunnittelu\/\" target=\"_blank\" rel=\"noopener noreferrer\"><div class=\"x-anchor-content\"><div class=\"x-anchor-text\"><span class=\"x-anchor-text-primary\">Lue lis\u00e4\u00e4<\/span><\/div><\/div><\/a><\/div><\/div><\/div><\/div><\/div><div class=\"x-section e8-e56 m8-1 m8-3 m8-5 m8-6 m8-7\"><div class=\"x-bg\" aria-hidden=\"true\"><div class=\"x-bg-layer-upper-color\"><\/div><\/div><div class=\"x-row x-container max width e8-e57 m8-d m8-g m8-m m8-n m8-o m8-w m8-10\"><div class=\"x-row-inner\"><div class=\"x-col e8-e58 m8-12 m8-13 m8-19\"><div class=\"x-text x-text-headline e8-e59 m8-1b m8-1e m8-1f m8-1g m8-1h alaotsikko\"><div class=\"x-text-content\"><div class=\"x-text-content-text\"><h2 class=\"x-text-content-text-primary\">Meist&auml;<\/h2>\n<\/div><\/div><\/div><div class=\"x-text x-content e8-e60 m8-1i m8-1j m8-1k m8-1o m8-1p leipa\"><p>Mainostoimisto Kartano on luova kumppanisi, joka rakentaa br&auml;ndit tarinoiksi ja ideat tuloksiksi. Meid&auml;n vahvuutemme on yhdist&auml;&auml; strateginen ajattelu ja visuaalinen osaaminen niin, ett&auml; jokainen toteutus tukee myynti&auml;si ja vahvistaa yrityksesi asemaa markkinoilla.<\/p><\/div><\/div><div class=\"x-col e8-e61 m8-12 m8-13 m8-1a m8-a m8-c\"><div class=\"x-bg\"><div class=\"x-bg-layer-lower-color\" aria-hidden=\"true\"><\/div><div class=\"x-bg-layer-upper-img\"><img decoding=\"async\" src=\"http:\/\/31.217.193.160\/~logotjay\/wp-content\/uploads\/2025\/08\/DSC_9161-Edit.png\" alt=\"Image\"\/><\/div><\/div><\/div><div class=\"x-col e8-e62 m8-12 m8-13\"><div class=\"x-text x-content e8-e63 m8-1j m8-1n m8-1o m8-1p m8-1q leipa\"><p>Ty&ouml;skentelemme kuin osa tiimi&auml;si &ndash; kuunnellen, oivaltaen ja toteuttaen ratkaisuja, jotka kest&auml;v&auml;t aikaa ja tekev&auml;t vaikutuksen heti ensisilm&auml;yksell&auml;. Yrityksest&auml;mme saat kumppanin, johon voit luottaa ideasta julkaisuun ja sen yli.<\/p><\/div><a class=\"x-anchor x-anchor-button e8-e64 m8-1s m8-1t m8-1u m8-1v m8-1w nappi\" tabindex=\"0\" href=\"https:\/\/www.kartano.fi\/yritys\/\" target=\"_blank\" rel=\"noopener noreferrer\"><div class=\"x-anchor-content\"><div class=\"x-anchor-text\"><span class=\"x-anchor-text-primary\">Tutustu meihin<\/span><\/div><\/div><\/a><\/div><\/div><\/div><\/div><div class=\"x-section e8-e65 m8-1 m8-3 m8-7 m8-8\" id=\"yhteys\"><div class=\"x-row x-container max width e8-e66 m8-d m8-g m8-i m8-m m8-n m8-r m8-s m8-11\"><div class=\"x-row-inner\"><div class=\"x-col e8-e67 m8-12 m8-13\"><div class=\"x-text x-text-headline e8-e68 m8-1b m8-1d m8-1e ylaotsikko\"><div class=\"x-text-content\"><div class=\"x-text-content-text\"><h2 class=\"x-text-content-text-primary\">Ota yhteytt&auml;<\/h2>\n<\/div><\/div><\/div><a class=\"x-anchor x-anchor-button has-graphic e8-e69 m8-1u m8-1v m8-1w m8-1y m8-21 m8-22 nappi\" tabindex=\"0\" href=\"tel:+358406312876\"><div class=\"x-anchor-content\"><span class=\"x-graphic\" aria-hidden=\"true\"><i class=\"x-icon x-graphic-child x-graphic-icon x-graphic-primary\" aria-hidden=\"true\" data-x-icon-s=\"&#xf095;\"><\/i><\/span><div class=\"x-anchor-text\"><span class=\"x-anchor-text-primary\">040 631 2876<\/span><\/div><\/div><\/a><a class=\"x-anchor x-anchor-button has-graphic e8-e70 m8-1u m8-1v m8-1w m8-1y m8-22 m8-23 nappi\" tabindex=\"0\" href=\"mailto:petri@kartano.fi\"><div class=\"x-anchor-content\"><span class=\"x-graphic\" aria-hidden=\"true\"><i class=\"x-icon x-graphic-child x-graphic-icon x-graphic-primary\" aria-hidden=\"true\" data-x-icon-s=\"&#xf0e0;\"><\/i><\/span><div class=\"x-anchor-text\"><span class=\"x-anchor-text-primary\">petri@kartano.fi<\/span><\/div><\/div><\/a><div class=\"x-text x-content e8-e71 m8-1j m8-1m m8-1n m8-1o m8-1r leipa\"><p>Mainostoimisto Kartano Oy<\/p>\n<p>Y-tunnus 3432353-7<\/p><\/div><\/div><div class=\"x-col e8-e72 m8-12 m8-13\"><div class=\"x-form-integration x-form-integration-wpforms e8-e73 m8-2c\"><style id=\"wpforms-css-vars-51\">\n\t\t\t\t#wpforms-51 {\n\t\t\t\t--wpforms-field-size-input-height: 43px;\n--wpforms-field-size-input-spacing: 15px;\n--wpforms-field-size-font-size: 16px;\n--wpforms-field-size-line-height: 19px;\n--wpforms-field-size-padding-h: 14px;\n--wpforms-field-size-checkbox-size: 16px;\n--wpforms-field-size-sublabel-spacing: 5px;\n--wpforms-field-size-icon-size: 1;\n--wpforms-label-size-font-size: 16px;\n--wpforms-label-size-line-height: 19px;\n--wpforms-label-size-sublabel-font-size: 14px;\n--wpforms-label-size-sublabel-line-height: 17px;\n--wpforms-button-size-font-size: 17px;\n--wpforms-button-size-height: 41px;\n--wpforms-button-size-padding-h: 15px;\n--wpforms-button-size-margin-top: 10px;\n--wpforms-container-shadow-size-box-shadow: none;\n\t\t\t}\n\t\t\t<\/style><div class=\"wpforms-container wpforms-container-full lomake wpforms-render-modern\" id=\"wpforms-51\"><form id=\"wpforms-form-51\" class=\"wpforms-validate wpforms-form wpforms-ajax-form\" data-formid=\"51\" method=\"post\" enctype=\"multipart\/form-data\" action=\"\/~logotjay\/wp-json\/wp\/v2\/pages\/8\" data-token=\"62143ac61b05f8fb1329727f05fb849b\" data-token-time=\"1776413818\"><noscript class=\"wpforms-error-noscript\">Please enable JavaScript in your browser to complete this form.<\/noscript><div id=\"wpforms-error-noscript\" style=\"display: none;\">Please enable JavaScript in your browser to complete this form.<\/div><div class=\"wpforms-field-container\"><div id=\"wpforms-51-field_0-container\" class=\"wpforms-field wpforms-field-name\" data-field-id=\"0\"><fieldset><legend class=\"wpforms-field-label\">Nimi <span class=\"wpforms-required-label\" aria-hidden=\"true\">*<\/span><\/legend><div class=\"wpforms-field-row wpforms-field-large\"><div class=\"wpforms-field-row-block wpforms-first wpforms-one-half\"><input type=\"text\" id=\"wpforms-51-field_0\" class=\"wpforms-field-name-first wpforms-field-required\" name=\"wpforms[fields][0][first]\" placeholder=\"Etunimi\" aria-errormessage=\"wpforms-51-field_0-error\" required><label for=\"wpforms-51-field_0\" class=\"wpforms-field-sublabel after wpforms-sublabel-hide\">First<\/label><\/div><div class=\"wpforms-field-row-block wpforms-one-half\"><input type=\"text\" id=\"wpforms-51-field_0-last\" class=\"wpforms-field-name-last wpforms-field-required\" name=\"wpforms[fields][0][last]\" placeholder=\"Sukunimi\" aria-errormessage=\"wpforms-51-field_0-last-error\" required><label for=\"wpforms-51-field_0-last\" class=\"wpforms-field-sublabel after wpforms-sublabel-hide\">Last<\/label><\/div><\/div><\/fieldset><\/div><div id=\"wpforms-51-field_1-container\" class=\"wpforms-field wpforms-field-email\" data-field-id=\"1\"><label class=\"wpforms-field-label\" for=\"wpforms-51-field_1\">S\u00e4hk\u00f6posti <span class=\"wpforms-required-label\" aria-hidden=\"true\">*<\/span><\/label><input type=\"email\" id=\"wpforms-51-field_1\" class=\"wpforms-field-large wpforms-field-required\" name=\"wpforms[fields][1]\" spellcheck=\"false\" aria-errormessage=\"wpforms-51-field_1-error\" required><\/div><div id=\"wpforms-51-field_3-container\" class=\"wpforms-field wpforms-field-phone\" data-field-id=\"3\"><label class=\"wpforms-field-label\" for=\"wpforms-51-field_3\">Puhelin<\/label><input type=\"tel\" id=\"wpforms-51-field_3\" class=\"wpforms-field-large wpforms-smart-phone-field\" data-rule-smart-phone-field=\"true\" name=\"wpforms[fields][3]\" aria-label=\"Puhelin\" aria-errormessage=\"wpforms-51-field_3-error\" ><\/div><div id=\"wpforms-51-field_2-container\" class=\"wpforms-field wpforms-field-textarea\" data-field-id=\"2\"><label class=\"wpforms-field-label\" for=\"wpforms-51-field_2\">Viesti<\/label><textarea id=\"wpforms-51-field_2\" class=\"wpforms-field-large\" name=\"wpforms[fields][2]\" aria-errormessage=\"wpforms-51-field_2-error\" ><\/textarea><\/div><\/div><!-- .wpforms-field-container --><div class=\"wpforms-submit-container\" ><input type=\"hidden\" name=\"wpforms[id]\" value=\"51\"><input type=\"hidden\" name=\"page_title\" value=\"\"><input type=\"hidden\" name=\"page_url\" value=\"http:\/\/31.217.193.160\/~logotjay\/wp-json\/wp\/v2\/pages\/8\"><input type=\"hidden\" name=\"url_referer\" value=\"\"><button type=\"submit\" name=\"wpforms[submit]\" id=\"wpforms-submit-51\" class=\"wpforms-submit lomake-laheta\" data-alt-text=\"L\u00e4hett\u00e4\u00e4...\" data-submit-text=\"L\u00e4het\u00e4\" aria-live=\"assertive\" value=\"wpforms-submit\">L\u00e4het\u00e4<\/button><img decoding=\"async\" src=\"http:\/\/31.217.193.160\/~logotjay\/wp-content\/plugins\/wpforms\/assets\/images\/submit-spin.svg\" class=\"wpforms-submit-spinner\" style=\"display: none;\" width=\"26\" height=\"26\" alt=\"Loading\"><\/div><\/form><\/div>  <!-- .wpforms-container --><\/div><\/div><\/div><\/div><\/div><\/div>\n","protected":false},"excerpt":{"rendered":"<p>Logot &amp; Yritysilmeet &ndash; Visuaalinen viesti, joka j&auml;&auml; mieleen &ndash; ilme, joka myy Rakennamme br&auml;ndisi persoonallisen ilmeen &ndash; logon, yritysilmeen ja materiaalin, jotka erottavat sinut kilpailijoista.Ota yhteytt\u00e4Lue lis\u00e4\u00e4 Her&auml;t&auml; huomio ja j&auml;&auml; mieleen Yrityksesi visuaalinen ilme on ensimm&auml;inen asia, jonka asiakkaasi n&auml;kev&auml;t ja se vaikuttaa v&auml;litt&ouml;m&auml;sti mielikuvaan sinusta. Laadukas logo, huolella mietitty v&auml;rimaailma ja yhten&auml;inen yritysilme her&auml;tt&auml;v&auml;t luottamusta ja erottavat &#8230; <a href=\"http:\/\/31.217.193.160\/~logotjay\/\" class=\"more-link\">Read More<\/a><\/p>\n","protected":false},"author":1,"featured_media":0,"parent":0,"menu_order":0,"comment_status":"closed","ping_status":"closed","template":"template-blank-6.php","meta":{"inline_featured_image":false,"footnotes":""},"class_list":["post-8","page","type-page","status-publish","hentry","no-post-thumbnail"],"_links":{"self":[{"href":"http:\/\/31.217.193.160\/~logotjay\/wp-json\/wp\/v2\/pages\/8","targetHints":{"allow":["GET"]}}],"collection":[{"href":"http:\/\/31.217.193.160\/~logotjay\/wp-json\/wp\/v2\/pages"}],"about":[{"href":"http:\/\/31.217.193.160\/~logotjay\/wp-json\/wp\/v2\/types\/page"}],"author":[{"embeddable":true,"href":"http:\/\/31.217.193.160\/~logotjay\/wp-json\/wp\/v2\/users\/1"}],"replies":[{"embeddable":true,"href":"http:\/\/31.217.193.160\/~logotjay\/wp-json\/wp\/v2\/comments?post=8"}],"version-history":[{"count":57,"href":"http:\/\/31.217.193.160\/~logotjay\/wp-json\/wp\/v2\/pages\/8\/revisions"}],"predecessor-version":[{"id":224,"href":"http:\/\/31.217.193.160\/~logotjay\/wp-json\/wp\/v2\/pages\/8\/revisions\/224"}],"wp:attachment":[{"href":"http:\/\/31.217.193.160\/~logotjay\/wp-json\/wp\/v2\/media?parent=8"}],"curies":[{"name":"wp","href":"https:\/\/api.w.org\/{rel}","templated":true}]}}